{"id":29577,"date":"2024-09-24T16:11:35","date_gmt":"2024-09-24T19:11:35","guid":{"rendered":"https:\/\/wuperfumaria.com.br\/web\/?page_id=29577"},"modified":"2024-11-21T08:06:42","modified_gmt":"2024-11-21T11:06:42","slug":"portal-de-transparencia","status":"publish","type":"page","link":"https:\/\/wuperfumaria.com.br\/web\/portal-de-transparencia\/","title":{"rendered":"Portal da Transpar\u00eancia"},"content":{"rendered":"\n<p style=\"text-align: center;\"><span style=\"font-size: 160%; color: #ff6600;\"><strong>Pesquisa de Satisfa\u00e7\u00e3o <\/strong><\/span><\/p>\n<div class=\"row\"  id=\"row-497119290\">\n\n\n\t<div id=\"col-1354107074\" class=\"col medium-6 small-12 large-6\"  >\n\t\t<div class=\"col-inner\"  >\n\t\t\t\n\t\t\t\n\n\n  <div class=\"banner has-hover is-full-height\" id=\"banner-121820336\">\n          <div class=\"banner-inner fill\">\n        <div class=\"banner-bg fill\" >\n            <div class=\"bg fill bg-fill \"><\/div>\n                        <div class=\"overlay\"><\/div>            \n                    <\/div>\n        <div class=\"banner-layers container\">\n            <div class=\"fill banner-link\"><\/div>            \n\n\n        <\/div>\n      <\/div>\n\n            \n<style>\n#banner-121820336 {\n  padding-top: 100%;\n}\n#banner-121820336 .bg.bg-loaded {\n  background-image: url(https:\/\/wuperfumaria.com.br\/web\/wp-content\/uploads\/2024\/11\/LUPA-e-WU-717x1024.png);\n}\n#banner-121820336 .overlay {\n  background-color: rgba(0, 0, 0, 0.17);\n}\n<\/style>\n  <\/div>\n\n\n\n\t\t<\/div>\n\t\t\t<\/div>\n\n\t\n\n\t<div id=\"col-385182627\" class=\"col medium-6 small-12 large-6 col-divided\"  >\n\t\t<div class=\"col-inner\"  >\n\t\t\t\n\t\t\t\n\n\n<div class=\"wpcf7 no-js\" id=\"wpcf7-f19651-o1\" lang=\"pt-BR\" dir=\"ltr\" data-wpcf7-id=\"19651\">\n<div class=\"screen-reader-response\"><p role=\"status\" aria-live=\"polite\" aria-atomic=\"true\"><\/p> <ul><\/ul><\/div>\n<form action=\"\/web\/wp-json\/wp\/v2\/pages\/29577#wpcf7-f19651-o1\" method=\"post\" class=\"wpcf7-form init\" aria-label=\"Formul\u00e1rios de contato\" novalidate=\"novalidate\" data-status=\"init\">\n<div style=\"display: none;\">\n<input type=\"hidden\" name=\"_wpcf7\" value=\"19651\" \/>\n<input type=\"hidden\" name=\"_wpcf7_version\" value=\"6.0.6\" \/>\n<input type=\"hidden\" name=\"_wpcf7_locale\" value=\"pt_BR\" \/>\n<input type=\"hidden\" name=\"_wpcf7_unit_tag\" value=\"wpcf7-f19651-o1\" \/>\n<input type=\"hidden\" name=\"_wpcf7_container_post\" value=\"0\" \/>\n<input type=\"hidden\" name=\"_wpcf7_posted_data_hash\" value=\"\" \/>\n<\/div>\n<p><label> Seu nome<br \/>\n<span class=\"wpcf7-form-control-wrap\" data-name=\"your-name\"><input size=\"40\" maxlength=\"400\" class=\"wpcf7-form-control wpcf7-text wpcf7-validates-as-required\" aria-required=\"true\" aria-invalid=\"false\" value=\"\" type=\"text\" name=\"your-name\" \/><\/span> <\/label>\n<\/p>\n<p><label> Seu email<br \/>\n<span class=\"wpcf7-form-control-wrap\" data-name=\"email\"><input size=\"40\" maxlength=\"400\" class=\"wpcf7-form-control wpcf7-text wpcf7-validates-as-required\" aria-required=\"true\" aria-invalid=\"false\" value=\"\" type=\"text\" name=\"email\" \/><\/span> <\/label>\n<\/p>\n<p><label> Cidade \/ Estado<br \/>\n<span class=\"wpcf7-form-control-wrap\" data-name=\"CidadeEstado\"><input size=\"40\" maxlength=\"400\" class=\"wpcf7-form-control wpcf7-text wpcf7-validates-as-required\" aria-required=\"true\" aria-invalid=\"false\" placeholder=\"Cidade\/Estado\" value=\"\" type=\"text\" name=\"CidadeEstado\" \/><\/span> <\/label>\n<\/p>\n<p><label> H\u00e1 quanto tempo distribui produtos Wu ?<br \/>\n<span class=\"wpcf7-form-control-wrap\" data-name=\"anos\"><input size=\"40\" maxlength=\"400\" class=\"wpcf7-form-control wpcf7-text wpcf7-validates-as-required\" aria-required=\"true\" aria-invalid=\"false\" value=\"\" type=\"text\" name=\"anos\" \/><\/span> <\/label>\n<\/p>\n<p><label>Responda \"1\" para \"Muito Ruim\" e \"5\" para \"Excelente\":<\/label>\n<\/p>\n<p><label> Qual sua nota para a aten\u00e7\u00e3o do nosso Departamento Comercial durante a venda?<br \/>\n<span class=\"wpcf7-form-control-wrap\" data-name=\"comercial\"><span class=\"wpcf7-form-control wpcf7-radio\"><span class=\"wpcf7-list-item first\"><input type=\"radio\" name=\"comercial\" value=\"1\" \/><span class=\"wpcf7-list-item-label\">1<\/span><\/span><span class=\"wpcf7-list-item\"><input type=\"radio\" name=\"comercial\" value=\"2\" \/><span class=\"wpcf7-list-item-label\">2<\/span><\/span><span class=\"wpcf7-list-item\"><input type=\"radio\" name=\"comercial\" value=\"3\" \/><span class=\"wpcf7-list-item-label\">3<\/span><\/span><span class=\"wpcf7-list-item\"><input type=\"radio\" name=\"comercial\" value=\"4\" \/><span class=\"wpcf7-list-item-label\">4<\/span><\/span><span class=\"wpcf7-list-item last\"><input type=\"radio\" name=\"comercial\" value=\"5\" \/><span class=\"wpcf7-list-item-label\">5<\/span><\/span><\/span><\/span> <\/label>\n<\/p>\n<p><label> Qual sua nota para a aten\u00e7\u00e3o do nosso Suporte Comercial P\u00f3s-venda?<br \/>\n<span class=\"wpcf7-form-control-wrap\" data-name=\"posvenda\"><span class=\"wpcf7-form-control wpcf7-radio\"><span class=\"wpcf7-list-item first\"><input type=\"radio\" name=\"posvenda\" value=\"1\" \/><span class=\"wpcf7-list-item-label\">1<\/span><\/span><span class=\"wpcf7-list-item\"><input type=\"radio\" name=\"posvenda\" value=\"2\" \/><span class=\"wpcf7-list-item-label\">2<\/span><\/span><span class=\"wpcf7-list-item\"><input type=\"radio\" name=\"posvenda\" value=\"3\" \/><span class=\"wpcf7-list-item-label\">3<\/span><\/span><span class=\"wpcf7-list-item\"><input type=\"radio\" name=\"posvenda\" value=\"4\" \/><span class=\"wpcf7-list-item-label\">4<\/span><\/span><span class=\"wpcf7-list-item last\"><input type=\"radio\" name=\"posvenda\" value=\"5\" \/><span class=\"wpcf7-list-item-label\">5<\/span><\/span><\/span><\/span> <\/label>\n<\/p>\n<p><label> Qual sua nota para a qualidade dos produtos Wu em compara\u00e7\u00e3o ao concorrente?<br \/>\n<span class=\"wpcf7-form-control-wrap\" data-name=\"qualidade\"><span class=\"wpcf7-form-control wpcf7-radio\"><span class=\"wpcf7-list-item first\"><input type=\"radio\" name=\"qualidade\" value=\"1\" \/><span class=\"wpcf7-list-item-label\">1<\/span><\/span><span class=\"wpcf7-list-item\"><input type=\"radio\" name=\"qualidade\" value=\"2\" \/><span class=\"wpcf7-list-item-label\">2<\/span><\/span><span class=\"wpcf7-list-item\"><input type=\"radio\" name=\"qualidade\" value=\"3\" \/><span class=\"wpcf7-list-item-label\">3<\/span><\/span><span class=\"wpcf7-list-item\"><input type=\"radio\" name=\"qualidade\" value=\"4\" \/><span class=\"wpcf7-list-item-label\">4<\/span><\/span><span class=\"wpcf7-list-item last\"><input type=\"radio\" name=\"qualidade\" value=\"5\" \/><span class=\"wpcf7-list-item-label\">5<\/span><\/span><\/span><\/span> <\/label>\n<\/p>\n<p><label> Qual sua nota para a apresenta\u00e7\u00e3o dos produtos Wu em compara\u00e7\u00e3o ao concorrente?<br \/>\n<span class=\"wpcf7-form-control-wrap\" data-name=\"apresentacao\"><span class=\"wpcf7-form-control wpcf7-radio\"><span class=\"wpcf7-list-item first\"><input type=\"radio\" name=\"apresentacao\" value=\"1\" \/><span class=\"wpcf7-list-item-label\">1<\/span><\/span><span class=\"wpcf7-list-item\"><input type=\"radio\" name=\"apresentacao\" value=\"2\" \/><span class=\"wpcf7-list-item-label\">2<\/span><\/span><span class=\"wpcf7-list-item\"><input type=\"radio\" name=\"apresentacao\" value=\"3\" \/><span class=\"wpcf7-list-item-label\">3<\/span><\/span><span class=\"wpcf7-list-item\"><input type=\"radio\" name=\"apresentacao\" value=\"4\" \/><span class=\"wpcf7-list-item-label\">4<\/span><\/span><span class=\"wpcf7-list-item last\"><input type=\"radio\" name=\"apresentacao\" value=\"5\" \/><span class=\"wpcf7-list-item-label\">5<\/span><\/span><\/span><\/span> <\/label>\n<\/p>\n<p><label> Qual sua nota para o prazo de entrega dos pedidos?<br \/>\n<span class=\"wpcf7-form-control-wrap\" data-name=\"prazo\"><span class=\"wpcf7-form-control wpcf7-radio\"><span class=\"wpcf7-list-item first\"><input type=\"radio\" name=\"prazo\" value=\"1\" \/><span class=\"wpcf7-list-item-label\">1<\/span><\/span><span class=\"wpcf7-list-item\"><input type=\"radio\" name=\"prazo\" value=\"2\" \/><span class=\"wpcf7-list-item-label\">2<\/span><\/span><span class=\"wpcf7-list-item\"><input type=\"radio\" name=\"prazo\" value=\"3\" \/><span class=\"wpcf7-list-item-label\">3<\/span><\/span><span class=\"wpcf7-list-item\"><input type=\"radio\" name=\"prazo\" value=\"4\" \/><span class=\"wpcf7-list-item-label\">4<\/span><\/span><span class=\"wpcf7-list-item last\"><input type=\"radio\" name=\"prazo\" value=\"5\" \/><span class=\"wpcf7-list-item-label\">5<\/span><\/span><\/span><\/span> <\/label>\n<\/p>\n<p><label> Se voc\u00ea pudesse dar uma nota geral \u00e0 Wu, qual seria?<br \/>\n<span class=\"wpcf7-form-control-wrap\" data-name=\"notageral\"><span class=\"wpcf7-form-control wpcf7-radio\"><span class=\"wpcf7-list-item first\"><input type=\"radio\" name=\"notageral\" value=\"1\" \/><span class=\"wpcf7-list-item-label\">1<\/span><\/span><span class=\"wpcf7-list-item\"><input type=\"radio\" name=\"notageral\" value=\"2\" \/><span class=\"wpcf7-list-item-label\">2<\/span><\/span><span class=\"wpcf7-list-item\"><input type=\"radio\" name=\"notageral\" value=\"3\" \/><span class=\"wpcf7-list-item-label\">3<\/span><\/span><span class=\"wpcf7-list-item\"><input type=\"radio\" name=\"notageral\" value=\"4\" \/><span class=\"wpcf7-list-item-label\">4<\/span><\/span><span class=\"wpcf7-list-item last\"><input type=\"radio\" name=\"notageral\" value=\"5\" \/><span class=\"wpcf7-list-item-label\">5<\/span><\/span><\/span><\/span><br \/>\nPorque? <span class=\"wpcf7-form-control-wrap\" data-name=\"geralporque\"><input size=\"40\" maxlength=\"400\" class=\"wpcf7-form-control wpcf7-text wpcf7-validates-as-required\" aria-required=\"true\" aria-invalid=\"false\" value=\"\" type=\"text\" name=\"geralporque\" \/><\/span> <\/label>\n<\/p>\n<p><label> Por favor comunique-nos suas reclama\u00e7\u00f5es, cr\u00edticas e\/ou elogios:<br \/>\n<span class=\"wpcf7-form-control-wrap\" data-name=\"sugestoes\"><textarea cols=\"40\" rows=\"10\" maxlength=\"2000\" class=\"wpcf7-form-control wpcf7-textarea wpcf7-validates-as-required\" aria-required=\"true\" aria-invalid=\"false\" name=\"sugestoes\"><\/textarea><\/span> <\/label>\n<\/p>\n<p><label><input class=\"wpcf7-form-control wpcf7-submit has-spinner\" type=\"submit\" value=\"Enviar\" \/> <\/label>\n<\/p><p style=\"display: none !important;\"><label>&#916;<textarea name=\"_wpcf7_ak_hp_textarea\" cols=\"45\" rows=\"8\" maxlength=\"100\"><\/textarea><\/label><input type=\"hidden\" id=\"ak_js_1\" name=\"_wpcf7_ak_js\" value=\"119\"\/><script>document.getElementById( \"ak_js_1\" ).setAttribute( \"value\", ( new Date() ).getTime() );<\/script><\/p><div class=\"wpcf7-response-output\" aria-hidden=\"true\"><\/div>\n<\/form>\n<\/div>\n\n\n\n\t\t<\/div>\n\t\t\t<\/div>\n\n\t\n\n<\/div>\n<div class=\"row\"  id=\"row-184271442\">\n\n\n\t<div id=\"col-691678136\" class=\"col medium-6 small-12 large-6 col-divided\"  >\n\t\t<div class=\"col-inner text-left\"  >\n\t\t\t\n\t\t\t\n\n<p style=\"text-align: center;\"><span style=\"color: #ff6600;\"><strong><span style=\"font-size: 160%;\">Elogios e Sugest\u00f5es\u00a0<\/span><\/strong><\/span><\/p>\n\n<div class=\"wpcf7 no-js\" id=\"wpcf7-f2808-o2\" lang=\"en-US\" dir=\"ltr\" data-wpcf7-id=\"2808\">\n<div class=\"screen-reader-response\"><p role=\"status\" aria-live=\"polite\" aria-atomic=\"true\"><\/p> <ul><\/ul><\/div>\n<form action=\"\/web\/wp-json\/wp\/v2\/pages\/29577#wpcf7-f2808-o2\" method=\"post\" class=\"wpcf7-form init\" aria-label=\"Contact form\" novalidate=\"novalidate\" data-status=\"init\">\n<div style=\"display: none;\">\n<input type=\"hidden\" name=\"_wpcf7\" value=\"2808\" \/>\n<input type=\"hidden\" name=\"_wpcf7_version\" value=\"6.0.6\" \/>\n<input type=\"hidden\" name=\"_wpcf7_locale\" value=\"en_US\" \/>\n<input type=\"hidden\" name=\"_wpcf7_unit_tag\" value=\"wpcf7-f2808-o2\" \/>\n<input type=\"hidden\" name=\"_wpcf7_container_post\" value=\"0\" \/>\n<input type=\"hidden\" name=\"_wpcf7_posted_data_hash\" value=\"\" \/>\n<\/div>\n<p><label>Seu Nome <span style=\"width:100%\">*<\/span><\/label><span class=\"wpcf7-form-control-wrap\" data-name=\"your-name\"><input size=\"40\" maxlength=\"400\" class=\"wpcf7-form-control wpcf7-text wpcf7-validates-as-required\" aria-required=\"true\" aria-invalid=\"false\" value=\"\" type=\"text\" name=\"your-name\" \/><\/span><br \/>\n<label>Seu Email <span style=\"width:100%\">*<\/span><\/label><span class=\"wpcf7-form-control-wrap\" data-name=\"your-email\"><input size=\"40\" maxlength=\"400\" class=\"wpcf7-form-control wpcf7-email wpcf7-validates-as-required wpcf7-text wpcf7-validates-as-email\" aria-required=\"true\" aria-invalid=\"false\" value=\"\" type=\"email\" name=\"your-email\" \/><\/span><br \/>\n<label>Seu Telefone <span style=\"width:100%\">*<\/span><\/label><span class=\"wpcf7-form-control-wrap\" data-name=\"tel-888\"><input size=\"40\" maxlength=\"400\" class=\"wpcf7-form-control wpcf7-tel wpcf7-text wpcf7-validates-as-tel telefone\" aria-invalid=\"false\" value=\"\" type=\"tel\" name=\"tel-888\" \/><\/span><br \/>\n<label>Assunto<span style=\"width:100%\"><\/span><\/label><span class=\"wpcf7-form-control-wrap\" data-name=\"text-465\"><input size=\"40\" maxlength=\"400\" class=\"wpcf7-form-control wpcf7-text\" aria-invalid=\"false\" value=\"\" type=\"text\" name=\"text-465\" \/><\/span><br \/>\n<label>Mensagem<\/label><span class=\"wpcf7-form-control-wrap\" data-name=\"textarea-736\"><textarea cols=\"40\" rows=\"10\" maxlength=\"2000\" class=\"wpcf7-form-control wpcf7-textarea\" aria-invalid=\"false\" name=\"textarea-736\"><\/textarea><\/span>\n<\/p>\n<p><input class=\"wpcf7-form-control wpcf7-submit has-spinner\" type=\"submit\" value=\"Enviar\" \/>\n<\/p><p style=\"display: none !important;\"><label>&#916;<textarea name=\"_wpcf7_ak_hp_textarea\" cols=\"45\" rows=\"8\" maxlength=\"100\"><\/textarea><\/label><input type=\"hidden\" id=\"ak_js_2\" name=\"_wpcf7_ak_js\" value=\"169\"\/><script>document.getElementById( \"ak_js_2\" ).setAttribute( \"value\", ( new Date() ).getTime() );<\/script><\/p><div class=\"wpcf7-response-output\" aria-hidden=\"true\"><\/div>\n<\/form>\n<\/div>\n\n\n\n\t\t<\/div>\n\t\t\t<\/div>\n\n\t\n\n\t<div id=\"col-436663076\" class=\"col medium-6 small-12 large-6 col-divided\"  >\n\t\t<div class=\"col-inner text-left\"  >\n\t\t\t\n\t\t\t\n\n<p style=\"text-align: center;\"><span style=\"color: #ff6600;\"><strong><span style=\"font-size: 160%;\">Denuncias e Reclama\u00e7\u00f5es<\/span><\/strong><\/span><\/p>\n\n<div class=\"wpcf7 no-js\" id=\"wpcf7-f2808-o3\" lang=\"en-US\" dir=\"ltr\" data-wpcf7-id=\"2808\">\n<div class=\"screen-reader-response\"><p role=\"status\" aria-live=\"polite\" aria-atomic=\"true\"><\/p> <ul><\/ul><\/div>\n<form action=\"\/web\/wp-json\/wp\/v2\/pages\/29577#wpcf7-f2808-o3\" method=\"post\" class=\"wpcf7-form init\" aria-label=\"Contact form\" novalidate=\"novalidate\" data-status=\"init\">\n<div style=\"display: none;\">\n<input type=\"hidden\" name=\"_wpcf7\" value=\"2808\" \/>\n<input type=\"hidden\" name=\"_wpcf7_version\" value=\"6.0.6\" \/>\n<input type=\"hidden\" name=\"_wpcf7_locale\" value=\"en_US\" \/>\n<input type=\"hidden\" name=\"_wpcf7_unit_tag\" value=\"wpcf7-f2808-o3\" \/>\n<input type=\"hidden\" name=\"_wpcf7_container_post\" value=\"0\" \/>\n<input type=\"hidden\" name=\"_wpcf7_posted_data_hash\" value=\"\" \/>\n<\/div>\n<p><label>Seu Nome <span style=\"width:100%\">*<\/span><\/label><span class=\"wpcf7-form-control-wrap\" data-name=\"your-name\"><input size=\"40\" maxlength=\"400\" class=\"wpcf7-form-control wpcf7-text wpcf7-validates-as-required\" aria-required=\"true\" aria-invalid=\"false\" value=\"\" type=\"text\" name=\"your-name\" \/><\/span><br \/>\n<label>Seu Email <span style=\"width:100%\">*<\/span><\/label><span class=\"wpcf7-form-control-wrap\" data-name=\"your-email\"><input size=\"40\" maxlength=\"400\" class=\"wpcf7-form-control wpcf7-email wpcf7-validates-as-required wpcf7-text wpcf7-validates-as-email\" aria-required=\"true\" aria-invalid=\"false\" value=\"\" type=\"email\" name=\"your-email\" \/><\/span><br \/>\n<label>Seu Telefone <span style=\"width:100%\">*<\/span><\/label><span class=\"wpcf7-form-control-wrap\" data-name=\"tel-888\"><input size=\"40\" maxlength=\"400\" class=\"wpcf7-form-control wpcf7-tel wpcf7-text wpcf7-validates-as-tel telefone\" aria-invalid=\"false\" value=\"\" type=\"tel\" name=\"tel-888\" \/><\/span><br \/>\n<label>Assunto<span style=\"width:100%\"><\/span><\/label><span class=\"wpcf7-form-control-wrap\" data-name=\"text-465\"><input size=\"40\" maxlength=\"400\" class=\"wpcf7-form-control wpcf7-text\" aria-invalid=\"false\" value=\"\" type=\"text\" name=\"text-465\" \/><\/span><br \/>\n<label>Mensagem<\/label><span class=\"wpcf7-form-control-wrap\" data-name=\"textarea-736\"><textarea cols=\"40\" rows=\"10\" maxlength=\"2000\" class=\"wpcf7-form-control wpcf7-textarea\" aria-invalid=\"false\" name=\"textarea-736\"><\/textarea><\/span>\n<\/p>\n<p><input class=\"wpcf7-form-control wpcf7-submit has-spinner\" type=\"submit\" value=\"Enviar\" \/>\n<\/p><p style=\"display: none !important;\"><label>&#916;<textarea name=\"_wpcf7_ak_hp_textarea\" cols=\"45\" rows=\"8\" maxlength=\"100\"><\/textarea><\/label><input type=\"hidden\" id=\"ak_js_3\" name=\"_wpcf7_ak_js\" value=\"89\"\/><script>document.getElementById( \"ak_js_3\" ).setAttribute( \"value\", ( new Date() ).getTime() );<\/script><\/p><div class=\"wpcf7-response-output\" aria-hidden=\"true\"><\/div>\n<\/form>\n<\/div>\n\n\n\n\t\t<\/div>\n\t\t\t<\/div>\n\n\t\n\n<\/div>\n\n","protected":false},"excerpt":{"rendered":"<p>Pesquisa de Satisfa\u00e7\u00e3o<\/p>\n","protected":false},"author":6,"featured_media":0,"parent":0,"menu_order":0,"comment_status":"closed","ping_status":"closed","template":"","meta":{"footnotes":""},"class_list":["post-29577","page","type-page","status-publish","hentry"],"yoast_head":"<!-- This site is optimized with the Yoast SEO plugin v27.2 - https:\/\/yoast.com\/product\/yoast-seo-wordpress\/ -->\n<title>Portal da Transpar\u00eancia - Wu Cosmetic Care<\/title>\n<meta name=\"robots\" content=\"index, follow, max-snippet:-1, max-image-preview:large, max-video-preview:-1\" \/>\n<link rel=\"canonical\" href=\"https:\/\/wuperfumaria.com.br\/web\/portal-de-transparencia\/\" \/>\n<meta property=\"og:locale\" content=\"pt_BR\" \/>\n<meta property=\"og:type\" content=\"article\" \/>\n<meta property=\"og:title\" content=\"Portal da Transpar\u00eancia - Wu Cosmetic Care\" \/>\n<meta property=\"og:description\" content=\"Pesquisa de Satisfa\u00e7\u00e3o\" \/>\n<meta property=\"og:url\" content=\"https:\/\/wuperfumaria.com.br\/web\/portal-de-transparencia\/\" \/>\n<meta property=\"og:site_name\" content=\"Wu Cosmetic Care\" \/>\n<meta property=\"article:modified_time\" content=\"2024-11-21T11:06:42+00:00\" \/>\n<meta name=\"twitter:label1\" content=\"Est. tempo de leitura\" \/>\n\t<meta name=\"twitter:data1\" content=\"1 minuto\" \/>\n<script type=\"application\/ld+json\" class=\"yoast-schema-graph\">{\"@context\":\"https:\/\/schema.org\",\"@graph\":[{\"@type\":\"WebPage\",\"@id\":\"https:\/\/wuperfumaria.com.br\/web\/portal-de-transparencia\/\",\"url\":\"https:\/\/wuperfumaria.com.br\/web\/portal-de-transparencia\/\",\"name\":\"Portal da Transpar\u00eancia - Wu Cosmetic Care\",\"isPartOf\":{\"@id\":\"https:\/\/wuperfumaria.com.br\/web\/#website\"},\"datePublished\":\"2024-09-24T19:11:35+00:00\",\"dateModified\":\"2024-11-21T11:06:42+00:00\",\"breadcrumb\":{\"@id\":\"https:\/\/wuperfumaria.com.br\/web\/portal-de-transparencia\/#breadcrumb\"},\"inLanguage\":\"pt-BR\",\"potentialAction\":[{\"@type\":\"ReadAction\",\"target\":[\"https:\/\/wuperfumaria.com.br\/web\/portal-de-transparencia\/\"]}]},{\"@type\":\"BreadcrumbList\",\"@id\":\"https:\/\/wuperfumaria.com.br\/web\/portal-de-transparencia\/#breadcrumb\",\"itemListElement\":[{\"@type\":\"ListItem\",\"position\":1,\"name\":\"In\u00edcio\",\"item\":\"https:\/\/wuperfumaria.com.br\/web\/\"},{\"@type\":\"ListItem\",\"position\":2,\"name\":\"Portal da Transpar\u00eancia\"}]},{\"@type\":\"WebSite\",\"@id\":\"https:\/\/wuperfumaria.com.br\/web\/#website\",\"url\":\"https:\/\/wuperfumaria.com.br\/web\/\",\"name\":\"Wu Cosmetic Care\",\"description\":\"\",\"potentialAction\":[{\"@type\":\"SearchAction\",\"target\":{\"@type\":\"EntryPoint\",\"urlTemplate\":\"https:\/\/wuperfumaria.com.br\/web\/?s={search_term_string}\"},\"query-input\":{\"@type\":\"PropertyValueSpecification\",\"valueRequired\":true,\"valueName\":\"search_term_string\"}}],\"inLanguage\":\"pt-BR\"}]}<\/script>\n<!-- \/ Yoast SEO plugin. -->","yoast_head_json":{"title":"Portal da Transpar\u00eancia - Wu Cosmetic Care","robots":{"index":"index","follow":"follow","max-snippet":"max-snippet:-1","max-image-preview":"max-image-preview:large","max-video-preview":"max-video-preview:-1"},"canonical":"https:\/\/wuperfumaria.com.br\/web\/portal-de-transparencia\/","og_locale":"pt_BR","og_type":"article","og_title":"Portal da Transpar\u00eancia - Wu Cosmetic Care","og_description":"Pesquisa de Satisfa\u00e7\u00e3o","og_url":"https:\/\/wuperfumaria.com.br\/web\/portal-de-transparencia\/","og_site_name":"Wu Cosmetic Care","article_modified_time":"2024-11-21T11:06:42+00:00","twitter_misc":{"Est. tempo de leitura":"1 minuto"},"schema":{"@context":"https:\/\/schema.org","@graph":[{"@type":"WebPage","@id":"https:\/\/wuperfumaria.com.br\/web\/portal-de-transparencia\/","url":"https:\/\/wuperfumaria.com.br\/web\/portal-de-transparencia\/","name":"Portal da Transpar\u00eancia - Wu Cosmetic Care","isPartOf":{"@id":"https:\/\/wuperfumaria.com.br\/web\/#website"},"datePublished":"2024-09-24T19:11:35+00:00","dateModified":"2024-11-21T11:06:42+00:00","breadcrumb":{"@id":"https:\/\/wuperfumaria.com.br\/web\/portal-de-transparencia\/#breadcrumb"},"inLanguage":"pt-BR","potentialAction":[{"@type":"ReadAction","target":["https:\/\/wuperfumaria.com.br\/web\/portal-de-transparencia\/"]}]},{"@type":"BreadcrumbList","@id":"https:\/\/wuperfumaria.com.br\/web\/portal-de-transparencia\/#breadcrumb","itemListElement":[{"@type":"ListItem","position":1,"name":"In\u00edcio","item":"https:\/\/wuperfumaria.com.br\/web\/"},{"@type":"ListItem","position":2,"name":"Portal da Transpar\u00eancia"}]},{"@type":"WebSite","@id":"https:\/\/wuperfumaria.com.br\/web\/#website","url":"https:\/\/wuperfumaria.com.br\/web\/","name":"Wu Cosmetic Care","description":"","potentialAction":[{"@type":"SearchAction","target":{"@type":"EntryPoint","urlTemplate":"https:\/\/wuperfumaria.com.br\/web\/?s={search_term_string}"},"query-input":{"@type":"PropertyValueSpecification","valueRequired":true,"valueName":"search_term_string"}}],"inLanguage":"pt-BR"}]}},"_links":{"self":[{"href":"https:\/\/wuperfumaria.com.br\/web\/wp-json\/wp\/v2\/pages\/29577","targetHints":{"allow":["GET"]}}],"collection":[{"href":"https:\/\/wuperfumaria.com.br\/web\/wp-json\/wp\/v2\/pages"}],"about":[{"href":"https:\/\/wuperfumaria.com.br\/web\/wp-json\/wp\/v2\/types\/page"}],"author":[{"embeddable":true,"href":"https:\/\/wuperfumaria.com.br\/web\/wp-json\/wp\/v2\/users\/6"}],"replies":[{"embeddable":true,"href":"https:\/\/wuperfumaria.com.br\/web\/wp-json\/wp\/v2\/comments?post=29577"}],"version-history":[{"count":22,"href":"https:\/\/wuperfumaria.com.br\/web\/wp-json\/wp\/v2\/pages\/29577\/revisions"}],"predecessor-version":[{"id":29616,"href":"https:\/\/wuperfumaria.com.br\/web\/wp-json\/wp\/v2\/pages\/29577\/revisions\/29616"}],"wp:attachment":[{"href":"https:\/\/wuperfumaria.com.br\/web\/wp-json\/wp\/v2\/media?parent=29577"}],"curies":[{"name":"wp","href":"https:\/\/api.w.org\/{rel}","templated":true}]}}