{"id":21578,"date":"2018-04-09T14:44:20","date_gmt":"2018-04-09T14:44:20","guid":{"rendered":"http:\/\/www.wuperfumaria.com.br\/?page_id=21578"},"modified":"2024-04-02T17:14:42","modified_gmt":"2024-04-02T20:14:42","slug":"seja-um-distribuidor-wu","status":"publish","type":"page","link":"https:\/\/wuperfumaria.com.br\/web\/seja-um-distribuidor-wu\/","title":{"rendered":"Seja um Distribuidor Wu"},"content":{"rendered":"\n<div class=\"row\"  id=\"row-1254779034\">\n\n\n\t<div id=\"col-1598990882\" class=\"col medium-6 small-12 large-6\"  >\n\t\t<div class=\"col-inner\"  >\n\t\t\t\n\t\t\t\n\n\t<div class=\"img has-hover x md-x lg-x y md-y lg-y\" id=\"image_1630455073\">\n\t\t\t\t\t\t\t\t<div class=\"img-inner dark\" >\n\t\t\t<img loading=\"lazy\" decoding=\"async\" width=\"750\" height=\"501\" src=\"https:\/\/wuperfumaria.com.br\/web\/wp-content\/uploads\/2018\/04\/oportunidade-wu.jpg\" class=\"attachment-large size-large\" alt=\"\" srcset=\"https:\/\/wuperfumaria.com.br\/web\/wp-content\/uploads\/2018\/04\/oportunidade-wu.jpg 750w, https:\/\/wuperfumaria.com.br\/web\/wp-content\/uploads\/2018\/04\/oportunidade-wu-600x401.jpg 600w, https:\/\/wuperfumaria.com.br\/web\/wp-content\/uploads\/2018\/04\/oportunidade-wu-450x301.jpg 450w\" sizes=\"auto, (max-width: 750px) 100vw, 750px\" \/>\t\t\t\t\t\t\n\t\t\t\t\t<\/div>\n\t\t\t\t\t\t\t\t\n<style>\n#image_1630455073 {\n  width: 100%;\n}\n<\/style>\n\t<\/div>\n\t\n\n\n\t\t<\/div>\n\t\t\t<\/div>\n\n\t\n\n\t<div id=\"col-321592513\" class=\"col medium-6 small-12 large-6\"  >\n\t\t<div class=\"col-inner\"  >\n\t\t\t\n\t\t\t\n\n<h3 style=\"margin-bottom:20px\">Fa\u00e7a parte deste neg\u00f3cio altamente lucrativo! Temos um modelo de Neg\u00f3cio ideal para voc\u00ea.<\/h3>\n\n<div class=\"wpcf7 no-js\" id=\"wpcf7-f2927-o1\" lang=\"pt-PT\" dir=\"ltr\" data-wpcf7-id=\"2927\">\n<div class=\"screen-reader-response\"><p role=\"status\" aria-live=\"polite\" aria-atomic=\"true\"><\/p> <ul><\/ul><\/div>\n<form action=\"\/web\/wp-json\/wp\/v2\/pages\/21578#wpcf7-f2927-o1\" method=\"post\" class=\"wpcf7-form init\" aria-label=\"Formul\u00e1rios de contato\" novalidate=\"novalidate\" data-status=\"init\">\n<div style=\"display: none;\">\n<input type=\"hidden\" name=\"_wpcf7\" value=\"2927\" \/>\n<input type=\"hidden\" name=\"_wpcf7_version\" value=\"6.0.6\" \/>\n<input type=\"hidden\" name=\"_wpcf7_locale\" value=\"pt_PT\" \/>\n<input type=\"hidden\" name=\"_wpcf7_unit_tag\" value=\"wpcf7-f2927-o1\" \/>\n<input type=\"hidden\" name=\"_wpcf7_container_post\" value=\"0\" \/>\n<input type=\"hidden\" name=\"_wpcf7_posted_data_hash\" value=\"\" \/>\n<\/div>\n<p style=\"margin-top:-10px\">O seu nome (obrigat\u00f3rio)\n<\/p>\n<p><span class=\"wpcf7-form-control-wrap\" data-name=\"your-name\"><input size=\"40\" maxlength=\"400\" class=\"wpcf7-form-control wpcf7-text wpcf7-validates-as-required\" aria-required=\"true\" aria-invalid=\"false\" value=\"\" type=\"text\" name=\"your-name\" \/><\/span>\n<\/p>\n<p style=\"margin-top:-10px\">O seu e-mail (obrigat\u00f3rio)\n<\/p>\n<p><span class=\"wpcf7-form-control-wrap\" data-name=\"your-email\"><input size=\"40\" maxlength=\"400\" class=\"wpcf7-form-control wpcf7-email wpcf7-validates-as-required wpcf7-text wpcf7-validates-as-email\" aria-required=\"true\" aria-invalid=\"false\" value=\"\" type=\"email\" name=\"your-email\" \/><\/span>\n<\/p>\n<p style=\"margin-top:-10px\">Telefone com DDD - (XX) XXXX.XXXX (obrigat\u00f3rio)\n<\/p>\n<p><span class=\"wpcf7-form-control-wrap\" data-name=\"tel\"><input size=\"40\" maxlength=\"400\" class=\"wpcf7-form-control wpcf7-text wpcf7-validates-as-required telefone\" aria-required=\"true\" aria-invalid=\"false\" value=\"\" type=\"text\" name=\"tel\" \/><\/span>\n<\/p>\n<p style=\"margin-top:-10px\">Cidade e Estado (obrigat\u00f3rio)\n<\/p>\n<p><span class=\"wpcf7-form-control-wrap\" data-name=\"cidade\"><input size=\"40\" maxlength=\"400\" class=\"wpcf7-form-control wpcf7-text wpcf7-validates-as-required\" aria-required=\"true\" aria-invalid=\"false\" value=\"\" type=\"text\" name=\"cidade\" \/><\/span>\n<\/p>\n<div class=\"row\">\n\t<div class=\"col medium-6 small-12 large-6 pb-0\">\n\t\t<p style=\"font-weight:bold;\">Possui empresa (obrigat\u00f3rio):\n\t\t<\/p>\n\t\t<p><span class=\"wpcf7-form-control-wrap\" data-name=\"possui-empresa\"><span class=\"wpcf7-form-control wpcf7-radio\"><span class=\"wpcf7-list-item first\"><input type=\"radio\" name=\"possui-empresa\" value=\"Sim\" \/><span class=\"wpcf7-list-item-label\">Sim<\/span><\/span><span class=\"wpcf7-list-item last\"><input type=\"radio\" name=\"possui-empresa\" value=\"N\u00e3o\" \/><span class=\"wpcf7-list-item-label\">N\u00e3o<\/span><\/span><\/span><\/span>\n\t\t<\/p>\n\t<\/div>\n\t<div class=\"col medium-6 small-12 large-6 pb-0\">\n\t\t<p style=\"\">Seu CNPJ:\n\t\t<\/p>\n\t\t<p><span class=\"wpcf7-form-control-wrap cnpj\"><input size=\"50\" class=\"wpcf7-form-control wpcf7-cnpj\" aria-invalid=\"false\" placeholder=\"\" type=\"tel\" name=\"cnpj\" \/><\/span>\n\t\t<\/p>\n\t<\/div>\n<\/div>\n<p style=\" margin-bottom:-20px;\"><strong><input class=\"wpcf7-form-control wpcf7-submit has-spinner\" type=\"submit\" value=\"Enviar\" \/><\/strong>\n<\/p><p style=\"display: none !important;\"><label>&#916;<textarea name=\"_wpcf7_ak_hp_textarea\" cols=\"45\" rows=\"8\" maxlength=\"100\"><\/textarea><\/label><input type=\"hidden\" id=\"ak_js_1\" name=\"_wpcf7_ak_js\" value=\"92\"\/><script>document.getElementById( \"ak_js_1\" ).setAttribute( \"value\", ( new Date() ).getTime() );<\/script><\/p><div class=\"wpcf7-response-output\" aria-hidden=\"true\"><\/div>\n<\/form>\n<\/div>\n\n\n\n\t\t<\/div>\n\t\t\t<\/div>\n\n\t\n\n<\/div>\n<div class=\"text-center\"><div class=\"is-divider divider clearfix\" style=\"max-width:100%;background-color:rgb(205, 205, 205);\"><\/div><\/div>\n\n<div class=\"row align-middle\"  id=\"row-1152662237\">\n\n\n\t<div id=\"col-1345946070\" class=\"col medium-6 small-12 large-6\"  >\n\t\t<div class=\"col-inner\"  >\n\t\t\t\n\t\t\t\n\n\t<div class=\"img has-hover x md-x lg-x y md-y lg-y\" id=\"image_1649137322\">\n\t\t\t\t\t\t\t\t<div class=\"img-inner dark\" >\n\t\t\t<img loading=\"lazy\" decoding=\"async\" width=\"541\" height=\"472\" src=\"https:\/\/wuperfumaria.com.br\/web\/wp-content\/uploads\/2014\/08\/casal.jpg\" class=\"attachment-large size-large\" alt=\"\" srcset=\"https:\/\/wuperfumaria.com.br\/web\/wp-content\/uploads\/2014\/08\/casal.jpg 541w, https:\/\/wuperfumaria.com.br\/web\/wp-content\/uploads\/2014\/08\/casal-300x261.jpg 300w\" sizes=\"auto, (max-width: 541px) 100vw, 541px\" \/>\t\t\t\t\t\t\n\t\t\t\t\t<\/div>\n\t\t\t\t\t\t\t\t\n<style>\n#image_1649137322 {\n  width: 100%;\n}\n<\/style>\n\t<\/div>\n\t\n\n\n\t\t<\/div>\n\t\t\t<\/div>\n\n\t\n\n\t<div id=\"col-1050436882\" class=\"col medium-6 small-12 large-6\"  >\n\t\t<div class=\"col-inner\"  >\n\t\t\t\n\t\t\t\n\n<h1 style=\"font-size: 2.3em; margin-top: 40px; margin-bottom: 10px;\">O que eu ganho com a WU?<\/h1>\n<ul>\n<li>Exclusividade de \u00c1rea;<\/li>\n<li>Alta lucratividade com excelente custo-benef\u00edcio;<\/li>\n<li>Suporte para implementa\u00e7\u00e3o e ger\u00eancia cont\u00ednua do neg\u00f3cio;<\/li>\n<li>Treinamentos de capacita\u00e7\u00e3o;<\/li>\n<li>Produtos de alta qualidade e resultados propostos garantidos;<\/li>\n<li>Lan\u00e7amentos acompanhando as tend\u00eancias mundiais;<\/li>\n<li>Material de suporte comercial completo;<\/li>\n<\/ul>\n<p><span style=\"font-size: 1.5em; font-weight: bold; color: rgba(204,0,0,1); margin-top: 30px;\">Ligue agora: (0xx 85) 3234-2101<\/span><\/p>\n\n\t\t<\/div>\n\t\t\t<\/div>\n\n\t\n\n<\/div>\n<div class=\"text-center\"><div class=\"is-divider divider clearfix\" style=\"max-width:100%;background-color:rgb(205, 205, 205);\"><\/div><\/div>\n\n<div class=\"row align-middle\"  id=\"row-160650934\">\n\n\n\t<div id=\"col-503814387\" class=\"col medium-6 small-12 large-6\"  >\n\t\t<div class=\"col-inner\"  >\n\t\t\t\n\t\t\t\n\n<div class=\"col-6\" style=\"padding: 0px;\">\n<h1><strong>Wu Cosmetic Care: Crescimento e Credibilidade<\/strong><\/h1>\n<p>A WU Cosmetic Care com mais de 27 anos de mercado, j\u00e1 atua em quase todo Brasil e exporta para pa\u00edses da Am\u00e9rica Latina.<\/p>\n<p>Ofertando mais de 680 produtos com fabrica\u00e7\u00e3o pr\u00f3pria, a Wu se apresenta como uma excelente oportunidade de neg\u00f3cio e possibilidades de alta rentabilidade.<\/p>\n<p>Em 2023 o mercado de cosm\u00e9ticos e higiene pessoal teve incremento de mais de 15% em rela\u00e7\u00e3o ao ano anterior e a previs\u00e3o para 2024 \u00e9 superar este valor.<\/p>\n<p><span style=\"color: #cc0000; font-size: 1.5em; font-weight: bold;\">Ligue agora: (0xx 85) 3234-2101<\/span><\/p>\n<\/div>\n<div class=\"col-12\" style=\"float: left; text-align: center; padding: 1px;\"><a href=\"#formulario\"><button style=\"font-family: Arial, Helvetica, sans-serif; font-size: 1.3em; line-height: 1.3em; color: #ffffff; padding: 10px 15px; background: -webkit-gradient( linear, left top, left bottom, from(#fa525b), to(#752a01)); -moz-border-radius: 6px; -webkit-border-radius: 6px; border-radius: 6px; border: 1px solid #ff3e03; -moz-box-shadow: 0px 1px 3px rgba(000,000,000,0.5), inset 0px 0px 1px rgba(255,255,255,1); -webkit-box-shadow: 0px 1px 3px rgba(000,000,000,0.5), inset 0px 0px 1px rgba(255,255,255,1); box-shadow: 0px 1px 3px rgba(000,000,000,0.5), inset 0px 0px 1px rgba(255,255,255,1); text-shadow: 0px -1px 0px rgba(000,000,000,0.7), 0px 1px 0px rgba(255,255,255,0.3); cursor: pointer;\" name=\"\" type=\"button\" value=\"\">Quero fazer um \u00f3timo Neg\u00f3cio!<\/button><\/a><\/div>\n\n\t\t<\/div>\n\t\t\t<\/div>\n\n\t\n\n\t<div id=\"col-2015649777\" class=\"col medium-6 small-12 large-6\"  >\n\t\t<div class=\"col-inner\"  >\n\t\t\t\n\t\t\t\n\n\t<div class=\"img has-hover x md-x lg-x y md-y lg-y\" id=\"image_916289522\">\n\t\t\t\t\t\t\t\t<div class=\"img-inner dark\" >\n\t\t\t<img loading=\"lazy\" decoding=\"async\" width=\"541\" height=\"472\" src=\"https:\/\/wuperfumaria.com.br\/web\/wp-content\/uploads\/2014\/08\/grupo.jpg\" class=\"attachment-large size-large\" alt=\"\" srcset=\"https:\/\/wuperfumaria.com.br\/web\/wp-content\/uploads\/2014\/08\/grupo.jpg 541w, https:\/\/wuperfumaria.com.br\/web\/wp-content\/uploads\/2014\/08\/grupo-300x261.jpg 300w\" sizes=\"auto, (max-width: 541px) 100vw, 541px\" \/>\t\t\t\t\t\t\n\t\t\t\t\t<\/div>\n\t\t\t\t\t\t\t\t\n<style>\n#image_916289522 {\n  width: 100%;\n}\n<\/style>\n\t<\/div>\n\t\n\n\n\t\t<\/div>\n\t\t\t<\/div>\n\n\t\n\n<\/div>\n\n","protected":false},"excerpt":{"rendered":"","protected":false},"author":4,"featured_media":0,"parent":0,"menu_order":0,"comment_status":"closed","ping_status":"closed","template":"","meta":{"footnotes":""},"class_list":["post-21578","page","type-page","status-publish","hentry"],"yoast_head":"<!-- This site is optimized with the Yoast SEO plugin v27.2 - https:\/\/yoast.com\/product\/yoast-seo-wordpress\/ -->\n<title>Seja um Distribuidor Wu - Wu Cosmetic Care<\/title>\n<meta name=\"robots\" content=\"index, follow, max-snippet:-1, max-image-preview:large, max-video-preview:-1\" \/>\n<link rel=\"canonical\" href=\"https:\/\/wuperfumaria.com.br\/web\/seja-um-distribuidor-wu\/\" \/>\n<meta property=\"og:locale\" content=\"pt_BR\" \/>\n<meta property=\"og:type\" content=\"article\" \/>\n<meta property=\"og:title\" content=\"Seja um Distribuidor Wu - Wu Cosmetic Care\" \/>\n<meta property=\"og:url\" content=\"https:\/\/wuperfumaria.com.br\/web\/seja-um-distribuidor-wu\/\" \/>\n<meta property=\"og:site_name\" content=\"Wu Cosmetic Care\" \/>\n<meta property=\"article:modified_time\" content=\"2024-04-02T20:14:42+00:00\" \/>\n<meta name=\"twitter:label1\" content=\"Est. tempo de leitura\" \/>\n\t<meta name=\"twitter:data1\" content=\"2 minutos\" \/>\n<script type=\"application\/ld+json\" class=\"yoast-schema-graph\">{\"@context\":\"https:\/\/schema.org\",\"@graph\":[{\"@type\":\"WebPage\",\"@id\":\"https:\/\/wuperfumaria.com.br\/web\/seja-um-distribuidor-wu\/\",\"url\":\"https:\/\/wuperfumaria.com.br\/web\/seja-um-distribuidor-wu\/\",\"name\":\"Seja um Distribuidor Wu - Wu Cosmetic Care\",\"isPartOf\":{\"@id\":\"https:\/\/wuperfumaria.com.br\/web\/#website\"},\"datePublished\":\"2018-04-09T14:44:20+00:00\",\"dateModified\":\"2024-04-02T20:14:42+00:00\",\"breadcrumb\":{\"@id\":\"https:\/\/wuperfumaria.com.br\/web\/seja-um-distribuidor-wu\/#breadcrumb\"},\"inLanguage\":\"pt-BR\",\"potentialAction\":[{\"@type\":\"ReadAction\",\"target\":[\"https:\/\/wuperfumaria.com.br\/web\/seja-um-distribuidor-wu\/\"]}]},{\"@type\":\"BreadcrumbList\",\"@id\":\"https:\/\/wuperfumaria.com.br\/web\/seja-um-distribuidor-wu\/#breadcrumb\",\"itemListElement\":[{\"@type\":\"ListItem\",\"position\":1,\"name\":\"In\u00edcio\",\"item\":\"https:\/\/wuperfumaria.com.br\/web\/\"},{\"@type\":\"ListItem\",\"position\":2,\"name\":\"Seja um Distribuidor Wu\"}]},{\"@type\":\"WebSite\",\"@id\":\"https:\/\/wuperfumaria.com.br\/web\/#website\",\"url\":\"https:\/\/wuperfumaria.com.br\/web\/\",\"name\":\"Wu Cosmetic Care\",\"description\":\"\",\"potentialAction\":[{\"@type\":\"SearchAction\",\"target\":{\"@type\":\"EntryPoint\",\"urlTemplate\":\"https:\/\/wuperfumaria.com.br\/web\/?s={search_term_string}\"},\"query-input\":{\"@type\":\"PropertyValueSpecification\",\"valueRequired\":true,\"valueName\":\"search_term_string\"}}],\"inLanguage\":\"pt-BR\"}]}<\/script>\n<!-- \/ Yoast SEO plugin. -->","yoast_head_json":{"title":"Seja um Distribuidor Wu - Wu Cosmetic Care","robots":{"index":"index","follow":"follow","max-snippet":"max-snippet:-1","max-image-preview":"max-image-preview:large","max-video-preview":"max-video-preview:-1"},"canonical":"https:\/\/wuperfumaria.com.br\/web\/seja-um-distribuidor-wu\/","og_locale":"pt_BR","og_type":"article","og_title":"Seja um Distribuidor Wu - Wu Cosmetic Care","og_url":"https:\/\/wuperfumaria.com.br\/web\/seja-um-distribuidor-wu\/","og_site_name":"Wu Cosmetic Care","article_modified_time":"2024-04-02T20:14:42+00:00","twitter_misc":{"Est. tempo de leitura":"2 minutos"},"schema":{"@context":"https:\/\/schema.org","@graph":[{"@type":"WebPage","@id":"https:\/\/wuperfumaria.com.br\/web\/seja-um-distribuidor-wu\/","url":"https:\/\/wuperfumaria.com.br\/web\/seja-um-distribuidor-wu\/","name":"Seja um Distribuidor Wu - Wu Cosmetic Care","isPartOf":{"@id":"https:\/\/wuperfumaria.com.br\/web\/#website"},"datePublished":"2018-04-09T14:44:20+00:00","dateModified":"2024-04-02T20:14:42+00:00","breadcrumb":{"@id":"https:\/\/wuperfumaria.com.br\/web\/seja-um-distribuidor-wu\/#breadcrumb"},"inLanguage":"pt-BR","potentialAction":[{"@type":"ReadAction","target":["https:\/\/wuperfumaria.com.br\/web\/seja-um-distribuidor-wu\/"]}]},{"@type":"BreadcrumbList","@id":"https:\/\/wuperfumaria.com.br\/web\/seja-um-distribuidor-wu\/#breadcrumb","itemListElement":[{"@type":"ListItem","position":1,"name":"In\u00edcio","item":"https:\/\/wuperfumaria.com.br\/web\/"},{"@type":"ListItem","position":2,"name":"Seja um Distribuidor Wu"}]},{"@type":"WebSite","@id":"https:\/\/wuperfumaria.com.br\/web\/#website","url":"https:\/\/wuperfumaria.com.br\/web\/","name":"Wu Cosmetic Care","description":"","potentialAction":[{"@type":"SearchAction","target":{"@type":"EntryPoint","urlTemplate":"https:\/\/wuperfumaria.com.br\/web\/?s={search_term_string}"},"query-input":{"@type":"PropertyValueSpecification","valueRequired":true,"valueName":"search_term_string"}}],"inLanguage":"pt-BR"}]}},"_links":{"self":[{"href":"https:\/\/wuperfumaria.com.br\/web\/wp-json\/wp\/v2\/pages\/21578","targetHints":{"allow":["GET"]}}],"collection":[{"href":"https:\/\/wuperfumaria.com.br\/web\/wp-json\/wp\/v2\/pages"}],"about":[{"href":"https:\/\/wuperfumaria.com.br\/web\/wp-json\/wp\/v2\/types\/page"}],"author":[{"embeddable":true,"href":"https:\/\/wuperfumaria.com.br\/web\/wp-json\/wp\/v2\/users\/4"}],"replies":[{"embeddable":true,"href":"https:\/\/wuperfumaria.com.br\/web\/wp-json\/wp\/v2\/comments?post=21578"}],"version-history":[{"count":21,"href":"https:\/\/wuperfumaria.com.br\/web\/wp-json\/wp\/v2\/pages\/21578\/revisions"}],"predecessor-version":[{"id":29489,"href":"https:\/\/wuperfumaria.com.br\/web\/wp-json\/wp\/v2\/pages\/21578\/revisions\/29489"}],"wp:attachment":[{"href":"https:\/\/wuperfumaria.com.br\/web\/wp-json\/wp\/v2\/media?parent=21578"}],"curies":[{"name":"wp","href":"https:\/\/api.w.org\/{rel}","templated":true}]}}