{"id":193,"date":"2013-01-11T20:15:22","date_gmt":"2013-01-11T20:15:22","guid":{"rendered":"http:\/\/e2solucoes.com\/wu\/?page_id=193"},"modified":"2024-04-02T17:05:55","modified_gmt":"2024-04-02T20:05:55","slug":"empresa-wu-cosmetic-care","status":"publish","type":"page","link":"https:\/\/wuperfumaria.com.br\/web\/empresa-wu-cosmetic-care\/","title":{"rendered":"A Empresa &#8211; Wu Cosmetic Care"},"content":{"rendered":"\n<p><img decoding=\"async\" class=\"alignleft\" style=\"margin-right: 40px !important; margin-bottom: 30px;\" src=\"https:\/\/wuperfumaria.com.br\/web\/wp-content\/uploads\/2013\/01\/wu_foto_fachada_1.jpg\" alt=\"wu_foto_fachada_1\" width=\"500\" \/><\/p>\n<h2>Nossa Hist\u00f3ria<\/h2>\n<p>No in\u00edcio da d\u00e9cada de 90, o Engenheiro Qu\u00edmico, Pablo Neira, com experi\u00eancia internacional de mais de trinta anos na formula\u00e7\u00e3o de cosm\u00e9ticos, decidiu abrir no Brasil a Wu Ind\u00fastria e Com\u00e9rcio de Cosm\u00e9ticos. A ideia sempre foi buscar &#8220;novos&#8221; conceitos de beleza associando a est\u00e9tica corporal \u00e0 harmonia espiritual. \u2028 Identificada a necessidade iminente de tratar cabelos e peles numa regi\u00e3o que apresenta condi\u00e7\u00f5es adversas, o lugar escolhido para montar a f\u00e1brica, foi o Nordeste. O desafio foi encarado com muita dedica\u00e7\u00e3o at\u00e9 hoje, momento em que a marca est\u00e1 consolidada e reconhecida pelos Profissionais de Beleza e pelos exigentes consumidores.<\/p>\n<p>A F\u00e1brica, situada no munic\u00edpio de Eus\u00e9bio no estado do Cear\u00e1, obedece a um arrojado projeto de produ\u00e7\u00e3o com caracter\u00edsticas particulares e \u00fanicas de um empreendimento tem\u00e1tico (oriental), em completa harmonia com o meio ambiente.<\/p>\n<p>A WU Perfumes e Cosm\u00e9ticos tem um diferencial competitivo de alto valor: fabrica seus pr\u00f3prios Produtos, condi\u00e7\u00e3o que lhe confere autonomia e garantia constante da sua qualidade. Al\u00e9m disto, a empresa conta com um N\u00facleo de Beleza CCT (Centro Comercial e T\u00e9cnico), situado em Fortaleza, para treinamentos t\u00e9cnicos, comerciais e profissionais dos seus distribuidores e clientes. A F\u00e1brica conta hoje com 3 unidades de mercado, a Porta a Porta com mais de 180 Produtos, comercializada por milhares de Consultoras que visitam seus clientes, a Profissional com mais de 150 produtos vendidos atrav\u00e9s de Distribuidores autorizados que levam os produtos para os Profissionais da beleza e o varejo com mais de 60 produtos, comercializado em prateleiras de farm\u00e1cias e supermercados.<br \/>\n<br \/>\nHoje a empresa trabalha com o que existe de mais moderno em Tecnologia de Formula\u00e7\u00e3o e Fabrica\u00e7\u00e3o de cosm\u00e9ticos e Perfumes, importando suas mat\u00e9rias primas e insumos. Desde 2010 est\u00e1 empenhada em Internacionalizar a marca levando-a para pa\u00edses como Col\u00f4mbia, Venezuela, Portugal, Cabo Verde entre outros; ideia que surgiu embasada na procura dos produtos Wu por viajantes que usaram e se encantaram com os resultados de t\u00e3o conceituada marca.<br \/>\n<br \/>\nAntecipando as necessidades do mercado, a Wu mantem ativa uma equipe de Profissionais especializados em lan\u00e7amentos de cosm\u00e9ticos tecnol\u00f3gicos e naturais e passou a utilizar em suas f\u00f3rmulas Nanotecnologia para alcan\u00e7ar resultados cada vez melhores e imediatos. Estes diferenciais respondem pelo sucesso da marca, no Brasil e no exterior. <br \/>\n<br \/>\nO relacionamento \u00e9tico e am\u00e1vel com seus Distribuidores, Consultoras, Profissionais de beleza, consumidores, colaboradores e fornecedores, sempre tem sido de extrema import\u00e2ncia para a Wu, pois, com ele sempre presente, a empresa imagina um futuro com paz e Harmonia, entre as pessoas, a natureza e o meio ambiente.<br \/>\n<br \/>\nA busca constante por inova\u00e7\u00e3o, ativos e formula\u00e7\u00f5es de alta performance transformaram a ind\u00fastria em um n\u00facleo de pesquisa e desenvolvimento do que h\u00e1 de mais moderno em tecnologia de fabrica\u00e7\u00e3o de cosm\u00e9ticos. <br \/>\n<br \/>\nCom uma gest\u00e3o fortemente voltada para o dom\u00ednio t\u00e9cnico da ind\u00fastria, a Wu mant\u00e9m ativos um completo laborat\u00f3rio de pesquisa e uma equipe de profissionais especializados em lan\u00e7amentos de produtos inovadores que acompanhem e aprimorem as tend\u00eancias mundiais do mercado. <br \/>\n<br \/>\nHoje a empresa \u00e9 detentora de uma vasta gama de formula\u00e7\u00f5es cosm\u00e9ticas exclusivas, al\u00e9m de contar com \u201cknow how\u201d t\u00e9cnico para desenvolver projetos dos mais simples aos mais sofisticados e complexos. <br \/>\n<br \/>\nEm conformidade com todas as normas da ANVISA e com sistema de gest\u00e3o da qualidade certificado ISO 9001 reconhecido internacionalmente, a Wu aplica o conceito de melhoria cont\u00ednua e conta com\u00a0 rigorosos processos de controle de qualidade para garantir a seguran\u00e7a, rastreabilidade, reprodutibilidade de seus produtos.\n\n","protected":false},"excerpt":{"rendered":"<p>Nossa Hist\u00f3ria No in\u00edcio da d\u00e9cada de 90, o Engenheiro Qu\u00edmico, Pablo Neira, com experi\u00eancia internacional de mais de trinta anos na formula\u00e7\u00e3o de cosm\u00e9ticos, decidiu abrir no Brasil a Wu Ind\u00fastria e Com\u00e9rcio de Cosm\u00e9ticos. A ideia sempre foi buscar &#8220;novos&#8221; conceitos de beleza associando a est\u00e9tica corporal \u00e0 harmonia espiritual. \u2028 Identificada a [&#8230;]\n","protected":false},"author":4,"featured_media":0,"parent":0,"menu_order":0,"comment_status":"closed","ping_status":"open","template":"","meta":{"footnotes":""},"class_list":["post-193","page","type-page","status-publish","hentry"],"yoast_head":"<!-- This site is optimized with the Yoast SEO plugin v27.2 - https:\/\/yoast.com\/product\/yoast-seo-wordpress\/ -->\n<title>A Empresa - Wu Cosmetic Care<\/title>\n<meta name=\"description\" content=\"A F\u00e1brica Wu Cosmetic Care, situada no munic\u00edpio de Eus\u00e9bio-Cear\u00e1, obedece a um arrojado projeto de produ\u00e7\u00e3o e qualidade na fabrica\u00e7\u00e3o de Cosm\u00e9ticos\" \/>\n<meta name=\"robots\" content=\"index, follow, max-snippet:-1, max-image-preview:large, max-video-preview:-1\" \/>\n<link rel=\"canonical\" href=\"https:\/\/wuperfumaria.com.br\/web\/empresa-wu-cosmetic-care\/\" \/>\n<meta property=\"og:locale\" content=\"pt_BR\" \/>\n<meta property=\"og:type\" content=\"article\" \/>\n<meta property=\"og:title\" content=\"A Empresa - Wu Cosmetic Care\" \/>\n<meta property=\"og:description\" content=\"A F\u00e1brica Wu Cosmetic Care, situada no munic\u00edpio de Eus\u00e9bio-Cear\u00e1, obedece a um arrojado projeto de produ\u00e7\u00e3o e qualidade na fabrica\u00e7\u00e3o de Cosm\u00e9ticos\" \/>\n<meta property=\"og:url\" content=\"https:\/\/wuperfumaria.com.br\/web\/empresa-wu-cosmetic-care\/\" \/>\n<meta property=\"og:site_name\" content=\"Wu Cosmetic Care\" \/>\n<meta property=\"article:modified_time\" content=\"2024-04-02T20:05:55+00:00\" \/>\n<meta property=\"og:image\" content=\"https:\/\/wuperfumaria.com.br\/web\/wp-content\/uploads\/2013\/01\/wu_foto_fachada_1.jpg\" \/>\n<meta name=\"twitter:label1\" content=\"Est. tempo de leitura\" \/>\n\t<meta name=\"twitter:data1\" content=\"3 minutos\" \/>\n<script type=\"application\/ld+json\" class=\"yoast-schema-graph\">{\"@context\":\"https:\/\/schema.org\",\"@graph\":[{\"@type\":\"WebPage\",\"@id\":\"https:\/\/wuperfumaria.com.br\/web\/empresa-wu-cosmetic-care\/\",\"url\":\"https:\/\/wuperfumaria.com.br\/web\/empresa-wu-cosmetic-care\/\",\"name\":\"A Empresa - Wu Cosmetic Care\",\"isPartOf\":{\"@id\":\"https:\/\/wuperfumaria.com.br\/web\/#website\"},\"primaryImageOfPage\":{\"@id\":\"https:\/\/wuperfumaria.com.br\/web\/empresa-wu-cosmetic-care\/#primaryimage\"},\"image\":{\"@id\":\"https:\/\/wuperfumaria.com.br\/web\/empresa-wu-cosmetic-care\/#primaryimage\"},\"thumbnailUrl\":\"https:\/\/wuperfumaria.com.br\/web\/wp-content\/uploads\/2013\/01\/wu_foto_fachada_1.jpg\",\"datePublished\":\"2013-01-11T20:15:22+00:00\",\"dateModified\":\"2024-04-02T20:05:55+00:00\",\"description\":\"A F\u00e1brica Wu Cosmetic Care, situada no munic\u00edpio de Eus\u00e9bio-Cear\u00e1, obedece a um arrojado projeto de produ\u00e7\u00e3o e qualidade na fabrica\u00e7\u00e3o de Cosm\u00e9ticos\",\"breadcrumb\":{\"@id\":\"https:\/\/wuperfumaria.com.br\/web\/empresa-wu-cosmetic-care\/#breadcrumb\"},\"inLanguage\":\"pt-BR\",\"potentialAction\":[{\"@type\":\"ReadAction\",\"target\":[\"https:\/\/wuperfumaria.com.br\/web\/empresa-wu-cosmetic-care\/\"]}]},{\"@type\":\"ImageObject\",\"inLanguage\":\"pt-BR\",\"@id\":\"https:\/\/wuperfumaria.com.br\/web\/empresa-wu-cosmetic-care\/#primaryimage\",\"url\":\"https:\/\/wuperfumaria.com.br\/web\/wp-content\/uploads\/2013\/01\/wu_foto_fachada_1.jpg\",\"contentUrl\":\"https:\/\/wuperfumaria.com.br\/web\/wp-content\/uploads\/2013\/01\/wu_foto_fachada_1.jpg\",\"width\":790,\"height\":593},{\"@type\":\"BreadcrumbList\",\"@id\":\"https:\/\/wuperfumaria.com.br\/web\/empresa-wu-cosmetic-care\/#breadcrumb\",\"itemListElement\":[{\"@type\":\"ListItem\",\"position\":1,\"name\":\"In\u00edcio\",\"item\":\"https:\/\/wuperfumaria.com.br\/web\/\"},{\"@type\":\"ListItem\",\"position\":2,\"name\":\"A Empresa &#8211; Wu Cosmetic Care\"}]},{\"@type\":\"WebSite\",\"@id\":\"https:\/\/wuperfumaria.com.br\/web\/#website\",\"url\":\"https:\/\/wuperfumaria.com.br\/web\/\",\"name\":\"Wu Cosmetic Care\",\"description\":\"\",\"potentialAction\":[{\"@type\":\"SearchAction\",\"target\":{\"@type\":\"EntryPoint\",\"urlTemplate\":\"https:\/\/wuperfumaria.com.br\/web\/?s={search_term_string}\"},\"query-input\":{\"@type\":\"PropertyValueSpecification\",\"valueRequired\":true,\"valueName\":\"search_term_string\"}}],\"inLanguage\":\"pt-BR\"}]}<\/script>\n<!-- \/ Yoast SEO plugin. -->","yoast_head_json":{"title":"A Empresa - Wu Cosmetic Care","description":"A F\u00e1brica Wu Cosmetic Care, situada no munic\u00edpio de Eus\u00e9bio-Cear\u00e1, obedece a um arrojado projeto de produ\u00e7\u00e3o e qualidade na fabrica\u00e7\u00e3o de Cosm\u00e9ticos","robots":{"index":"index","follow":"follow","max-snippet":"max-snippet:-1","max-image-preview":"max-image-preview:large","max-video-preview":"max-video-preview:-1"},"canonical":"https:\/\/wuperfumaria.com.br\/web\/empresa-wu-cosmetic-care\/","og_locale":"pt_BR","og_type":"article","og_title":"A Empresa - Wu Cosmetic Care","og_description":"A F\u00e1brica Wu Cosmetic Care, situada no munic\u00edpio de Eus\u00e9bio-Cear\u00e1, obedece a um arrojado projeto de produ\u00e7\u00e3o e qualidade na fabrica\u00e7\u00e3o de Cosm\u00e9ticos","og_url":"https:\/\/wuperfumaria.com.br\/web\/empresa-wu-cosmetic-care\/","og_site_name":"Wu Cosmetic Care","article_modified_time":"2024-04-02T20:05:55+00:00","og_image":[{"url":"https:\/\/wuperfumaria.com.br\/web\/wp-content\/uploads\/2013\/01\/wu_foto_fachada_1.jpg","type":"","width":"","height":""}],"twitter_misc":{"Est. tempo de leitura":"3 minutos"},"schema":{"@context":"https:\/\/schema.org","@graph":[{"@type":"WebPage","@id":"https:\/\/wuperfumaria.com.br\/web\/empresa-wu-cosmetic-care\/","url":"https:\/\/wuperfumaria.com.br\/web\/empresa-wu-cosmetic-care\/","name":"A Empresa - Wu Cosmetic Care","isPartOf":{"@id":"https:\/\/wuperfumaria.com.br\/web\/#website"},"primaryImageOfPage":{"@id":"https:\/\/wuperfumaria.com.br\/web\/empresa-wu-cosmetic-care\/#primaryimage"},"image":{"@id":"https:\/\/wuperfumaria.com.br\/web\/empresa-wu-cosmetic-care\/#primaryimage"},"thumbnailUrl":"https:\/\/wuperfumaria.com.br\/web\/wp-content\/uploads\/2013\/01\/wu_foto_fachada_1.jpg","datePublished":"2013-01-11T20:15:22+00:00","dateModified":"2024-04-02T20:05:55+00:00","description":"A F\u00e1brica Wu Cosmetic Care, situada no munic\u00edpio de Eus\u00e9bio-Cear\u00e1, obedece a um arrojado projeto de produ\u00e7\u00e3o e qualidade na fabrica\u00e7\u00e3o de Cosm\u00e9ticos","breadcrumb":{"@id":"https:\/\/wuperfumaria.com.br\/web\/empresa-wu-cosmetic-care\/#breadcrumb"},"inLanguage":"pt-BR","potentialAction":[{"@type":"ReadAction","target":["https:\/\/wuperfumaria.com.br\/web\/empresa-wu-cosmetic-care\/"]}]},{"@type":"ImageObject","inLanguage":"pt-BR","@id":"https:\/\/wuperfumaria.com.br\/web\/empresa-wu-cosmetic-care\/#primaryimage","url":"https:\/\/wuperfumaria.com.br\/web\/wp-content\/uploads\/2013\/01\/wu_foto_fachada_1.jpg","contentUrl":"https:\/\/wuperfumaria.com.br\/web\/wp-content\/uploads\/2013\/01\/wu_foto_fachada_1.jpg","width":790,"height":593},{"@type":"BreadcrumbList","@id":"https:\/\/wuperfumaria.com.br\/web\/empresa-wu-cosmetic-care\/#breadcrumb","itemListElement":[{"@type":"ListItem","position":1,"name":"In\u00edcio","item":"https:\/\/wuperfumaria.com.br\/web\/"},{"@type":"ListItem","position":2,"name":"A Empresa &#8211; Wu Cosmetic Care"}]},{"@type":"WebSite","@id":"https:\/\/wuperfumaria.com.br\/web\/#website","url":"https:\/\/wuperfumaria.com.br\/web\/","name":"Wu Cosmetic Care","description":"","potentialAction":[{"@type":"SearchAction","target":{"@type":"EntryPoint","urlTemplate":"https:\/\/wuperfumaria.com.br\/web\/?s={search_term_string}"},"query-input":{"@type":"PropertyValueSpecification","valueRequired":true,"valueName":"search_term_string"}}],"inLanguage":"pt-BR"}]}},"_links":{"self":[{"href":"https:\/\/wuperfumaria.com.br\/web\/wp-json\/wp\/v2\/pages\/193","targetHints":{"allow":["GET"]}}],"collection":[{"href":"https:\/\/wuperfumaria.com.br\/web\/wp-json\/wp\/v2\/pages"}],"about":[{"href":"https:\/\/wuperfumaria.com.br\/web\/wp-json\/wp\/v2\/types\/page"}],"author":[{"embeddable":true,"href":"https:\/\/wuperfumaria.com.br\/web\/wp-json\/wp\/v2\/users\/4"}],"replies":[{"embeddable":true,"href":"https:\/\/wuperfumaria.com.br\/web\/wp-json\/wp\/v2\/comments?post=193"}],"version-history":[{"count":8,"href":"https:\/\/wuperfumaria.com.br\/web\/wp-json\/wp\/v2\/pages\/193\/revisions"}],"predecessor-version":[{"id":29488,"href":"https:\/\/wuperfumaria.com.br\/web\/wp-json\/wp\/v2\/pages\/193\/revisions\/29488"}],"wp:attachment":[{"href":"https:\/\/wuperfumaria.com.br\/web\/wp-json\/wp\/v2\/media?parent=193"}],"curies":[{"name":"wp","href":"https:\/\/api.w.org\/{rel}","templated":true}]}}